{"id":229,"date":"2021-06-18T09:57:40","date_gmt":"2021-06-18T07:57:40","guid":{"rendered":"https:\/\/dantunes.eleves.mediamatique.ch\/drone_wordpress\/wordpress\/?post_type=product&#038;p=229"},"modified":"2021-06-18T09:57:41","modified_gmt":"2021-06-18T07:57:41","slug":"chaussures-vans-x-spongebob-old-skool","status":"publish","type":"product","link":"https:\/\/dantunes.eleves.mediamatique.ch\/drone_wordpress\/wordpress?product=chaussures-vans-x-spongebob-old-skool","title":{"rendered":"CHAUSSURES VANS X SPONGEBOB OLD SKOOL"},"content":{"rendered":"<p>\u00c0 VOS ORDRES CAPITAINE\u00a0!<\/p>\n<p>Plonge au c\u0153ur de la collaboration pleine d&rsquo;humour de Vans et de Bob l&rsquo;\u00e9ponge, l&rsquo;\u00e9ponge la plus c\u00e9l\u00e8bre du monde. Prouve ton amour pour les cr\u00e9atures les plus cool de l&rsquo;oc\u00e9an avec les chaussures Vans X SpongeBob Old Skool. Elles reprennent notre embl\u00e9matique Sidestripe et affichent des fleurs tropicales emboss\u00e9es et un appliqu\u00e9 du sourire contagieux de Bob l&rsquo;\u00e9ponge.<\/p>\n<p>Les Vans X SpongeBob Old Skool pr\u00e9sentent une tige en daim r\u00e9sistante, un bout renforc\u00e9, un col rembourr\u00e9 pour le maintien et notre embl\u00e9matique semelle gaufr\u00e9e en caoutchouc.<\/p>\n<p>\u2022 Collection Vans X SpongeBob<br \/>\n\u2022 Fleurs tropicales emboss\u00e9es et appliqu\u00e9 Bob l&rsquo;\u00e9ponge<br \/>\n\u2022 Tige en daim r\u00e9sistante<br \/>\n\u2022 Bout renforc\u00e9<br \/>\n\u2022 Col rembourr\u00e9 pour le maintien<br \/>\n\u2022 Embl\u00e9matique semelle gaufr\u00e9e en caoutchouc<\/p>\n<p><b>Composition<\/b>:Cuir<\/p>\n","protected":false},"excerpt":{"rendered":"<p>\u00c0 VOS ORDRES CAPITAINE\u00a0! Plonge au c\u0153ur de la collaboration pleine d&rsquo;humour de Vans et de Bob l&rsquo;\u00e9ponge, l&rsquo;\u00e9ponge la plus c\u00e9l\u00e8bre du monde. Prouve ton amour pour les cr\u00e9atures les plus cool de l&rsquo;oc\u00e9an avec les chaussures Vans X SpongeBob Old Skool. Elles reprennent notre embl\u00e9matique Sidestripe et affichent des fleurs tropicales emboss\u00e9es et [&hellip;]<\/p>\n","protected":false},"featured_media":230,"comment_status":"open","ping_status":"closed","template":"","meta":[],"product_cat":[22],"product_tag":[],"class_list":{"0":"post-229","1":"product","2":"type-product","3":"status-publish","4":"has-post-thumbnail","6":"product_cat-non-classe","8":"first","9":"instock","10":"shipping-taxable","11":"purchasable","12":"product-type-simple"},"_links":{"self":[{"href":"https:\/\/dantunes.eleves.mediamatique.ch\/drone_wordpress\/wordpress\/index.php?rest_route=\/wp\/v2\/product\/229","targetHints":{"allow":["GET"]}}],"collection":[{"href":"https:\/\/dantunes.eleves.mediamatique.ch\/drone_wordpress\/wordpress\/index.php?rest_route=\/wp\/v2\/product"}],"about":[{"href":"https:\/\/dantunes.eleves.mediamatique.ch\/drone_wordpress\/wordpress\/index.php?rest_route=\/wp\/v2\/types\/product"}],"replies":[{"embeddable":true,"href":"https:\/\/dantunes.eleves.mediamatique.ch\/drone_wordpress\/wordpress\/index.php?rest_route=%2Fwp%2Fv2%2Fcomments&post=229"}],"wp:featuredmedia":[{"embeddable":true,"href":"https:\/\/dantunes.eleves.mediamatique.ch\/drone_wordpress\/wordpress\/index.php?rest_route=\/wp\/v2\/media\/230"}],"wp:attachment":[{"href":"https:\/\/dantunes.eleves.mediamatique.ch\/drone_wordpress\/wordpress\/index.php?rest_route=%2Fwp%2Fv2%2Fmedia&parent=229"}],"wp:term":[{"taxonomy":"product_cat","embeddable":true,"href":"https:\/\/dantunes.eleves.mediamatique.ch\/drone_wordpress\/wordpress\/index.php?rest_route=%2Fwp%2Fv2%2Fproduct_cat&post=229"},{"taxonomy":"product_tag","embeddable":true,"href":"https:\/\/dantunes.eleves.mediamatique.ch\/drone_wordpress\/wordpress\/index.php?rest_route=%2Fwp%2Fv2%2Fproduct_tag&post=229"}],"curies":[{"name":"wp","href":"https:\/\/api.w.org\/{rel}","templated":true}]}}