{"id":221,"date":"2021-06-18T08:58:37","date_gmt":"2021-06-18T06:58:37","guid":{"rendered":"https:\/\/dantunes.eleves.mediamatique.ch\/drone_wordpress\/wordpress\/?post_type=product&#038;p=221"},"modified":"2021-06-18T08:58:38","modified_gmt":"2021-06-18T06:58:38","slug":"chaussures-anaheim-factory-authentic-44-dx","status":"publish","type":"product","link":"https:\/\/dantunes.eleves.mediamatique.ch\/drone_wordpress\/wordpress?product=chaussures-anaheim-factory-authentic-44-dx","title":{"rendered":"CHAUSSURES ANAHEIM FACTORY AUTHENTIC 44 DX"},"content":{"rendered":"<p>Les chaussures Anaheim Factory Authentic 44 DX rendent hommage \u00e0 la premi\u00e8re usine Vans, bas\u00e9e \u00e0 Anaheim en Californie, en empruntant des d\u00e9tails au mod\u00e8le Authentic original et en offrant un confort modernis\u00e9, gr\u00e2ce \u00e0 une version am\u00e9lior\u00e9e de la semelle int\u00e9rieure Ortholite\u00ae. D\u00e9clin\u00e9es dans une palette de coloris classiques, elles arborent des d\u00e9tails r\u00e9tro, tels que le num\u00e9ro du mod\u00e8le original ou des imprim\u00e9s remis au go\u00fbt du jour. Elles disposent \u00e9galement d&rsquo;une bande de renfort satin\u00e9e plus haute, de lacets en coton, d&rsquo;une doublure en drill l\u00e9g\u00e8re et d&rsquo;une tige en toile et textile r\u00e9sistante.<\/p>\n","protected":false},"excerpt":{"rendered":"<p>Les chaussures Anaheim Factory Authentic 44 DX rendent hommage \u00e0 la premi\u00e8re usine Vans, bas\u00e9e \u00e0 Anaheim en Californie, en empruntant des d\u00e9tails au mod\u00e8le Authentic original et en offrant un confort modernis\u00e9, gr\u00e2ce \u00e0 une version am\u00e9lior\u00e9e de la semelle int\u00e9rieure Ortholite\u00ae. D\u00e9clin\u00e9es dans une palette de coloris classiques, elles arborent des d\u00e9tails r\u00e9tro, [&hellip;]<\/p>\n","protected":false},"featured_media":222,"comment_status":"open","ping_status":"closed","template":"","meta":[],"product_cat":[22],"product_tag":[],"class_list":{"0":"post-221","1":"product","2":"type-product","3":"status-publish","4":"has-post-thumbnail","6":"product_cat-non-classe","8":"first","9":"instock","10":"shipping-taxable","11":"purchasable","12":"product-type-simple"},"_links":{"self":[{"href":"https:\/\/dantunes.eleves.mediamatique.ch\/drone_wordpress\/wordpress\/index.php?rest_route=\/wp\/v2\/product\/221","targetHints":{"allow":["GET"]}}],"collection":[{"href":"https:\/\/dantunes.eleves.mediamatique.ch\/drone_wordpress\/wordpress\/index.php?rest_route=\/wp\/v2\/product"}],"about":[{"href":"https:\/\/dantunes.eleves.mediamatique.ch\/drone_wordpress\/wordpress\/index.php?rest_route=\/wp\/v2\/types\/product"}],"replies":[{"embeddable":true,"href":"https:\/\/dantunes.eleves.mediamatique.ch\/drone_wordpress\/wordpress\/index.php?rest_route=%2Fwp%2Fv2%2Fcomments&post=221"}],"wp:featuredmedia":[{"embeddable":true,"href":"https:\/\/dantunes.eleves.mediamatique.ch\/drone_wordpress\/wordpress\/index.php?rest_route=\/wp\/v2\/media\/222"}],"wp:attachment":[{"href":"https:\/\/dantunes.eleves.mediamatique.ch\/drone_wordpress\/wordpress\/index.php?rest_route=%2Fwp%2Fv2%2Fmedia&parent=221"}],"wp:term":[{"taxonomy":"product_cat","embeddable":true,"href":"https:\/\/dantunes.eleves.mediamatique.ch\/drone_wordpress\/wordpress\/index.php?rest_route=%2Fwp%2Fv2%2Fproduct_cat&post=221"},{"taxonomy":"product_tag","embeddable":true,"href":"https:\/\/dantunes.eleves.mediamatique.ch\/drone_wordpress\/wordpress\/index.php?rest_route=%2Fwp%2Fv2%2Fproduct_tag&post=221"}],"curies":[{"name":"wp","href":"https:\/\/api.w.org\/{rel}","templated":true}]}}